{"id":133,"date":"2022-01-29T14:58:18","date_gmt":"2022-01-29T13:58:18","guid":{"rendered":"https:\/\/www.indalive.com\/?page_id=133"},"modified":"2022-01-29T17:19:58","modified_gmt":"2022-01-29T16:19:58","slug":"soulgroove","status":"publish","type":"page","link":"https:\/\/www.indalive.com\/index.php\/artiste\/soulgroove\/","title":{"rendered":"SoulGroove"},"content":{"rendered":"<h4><\/h4>\n<h4><img loading=\"lazy\" decoding=\"async\" class=\"size-medium wp-image-266 aligncenter\" src=\"https:\/\/www.indalive.com\/wp-content\/uploads\/2022\/01\/photo-vince-300x300.jpg\" alt=\"\" width=\"300\" height=\"300\" srcset=\"https:\/\/www.indalive.com\/wp-content\/uploads\/2022\/01\/photo-vince-300x300.jpg 300w, https:\/\/www.indalive.com\/wp-content\/uploads\/2022\/01\/photo-vince-150x150.jpg 150w, https:\/\/www.indalive.com\/wp-content\/uploads\/2022\/01\/photo-vince.jpg 480w\" sizes=\"(max-width: 300px) 100vw, 300px\" \/><\/h4>\n<h4 style=\"text-align: center;\">.:: Biographie ::.<\/h4>\n<p>Dans sa jeunesse, Soul Groove d\u00e9couvre la musique \u00e9lectronique. Ados, il devient passionn\u00e9 par ce mouvement et cet univers notamment avec les premi\u00e8res compilations techno et des artistes tel que B.B.E, Underwolrd, System 7, Laurent Garnier, Prodigy et tant d&rsquo;autres.<br \/>\nC&rsquo;est dans les ann\u00e9es 2000, qu&rsquo;il franchit le pas et d\u00e9bute le mix. Pendant des ann\u00e9es il s\u2019\u00e9panouit avec la Jungle et la Drum &amp; Bass sous le nom \u00ab\u00a020centimes\u00a0\u00bb.<br \/>\nEn 2006, il d\u00e9couvre la Trance via Dj Zarro, son fr\u00e8re. Captiv\u00e9 par ce nouvel univers il s\u2019essaye \u00e0 plusieurs styles : Psytrance, full on, progressive-Trance, pour enfin trouver son style, la progressive (house, techno et trance). Connu sous le nom de Mirdhyn, il \u00e9volue et acquis une renomm\u00e9 sur Angers et sa sc\u00e8ne alternative.<br \/>\nIl fonde avec Gzohm et Natural Ethik l&rsquo;association \u00ab\u00a0Indalive\u00a0\u00bb en 2009. Au bout de deux ans et plusieurs soir\u00e9es dans les bars angevins, ils organisent en 2011 les soir\u00e9es \u00ab\u00a0Pandora\u00a0\u00bb(dans le cadre du festival Face) et \u00ab\u00a0Ohmaya\u00a0\u00bb(en partenariat avec Or\u00e9ades). Le partage, la convivialit\u00e9, la d\u00e9couverte sonore et leur univers visuel d\u00e9finissent l&rsquo;\u00e9tat d&rsquo;esprit d&rsquo;Indalive.<br \/>\nAujourd&rsquo;hui c&rsquo;est toujours la progressive qui lui permet de s\u2019exprimer pleinement. Et l&rsquo;adjectif qui colle \u00e0 ses mixs est GROOVY.<\/p>\n<h4 style=\"text-align: center;\"><\/h4>\n<h4 style=\"text-align: center;\">.:: Influences ::.<\/h4>\n<p style=\"text-align: justify;\">Antix, Ryan Crosson, Pan-Pot, Exrawelt, Richie Hawtin, Jeff Mills, Oliver Huntemann, Thomas Schumacher, Swen Weber, Trentem\u00f8ller, La Baaz, Peter Gun, Richard Dinsale, Christian Fischer, Cirez D, Umek, Beltek, Deadmau5, Alex Karakasis, Daniel Portman, Thomas Penton, Spartaque, Funkagenda, Alex Kenji, Alberto Fracasso, Dubfire, D-nox&amp;Beckers, Elad Emek, Marco Baley, Tom Hades, Manuel De La Mare, Ace Ventura, Duca, HumanBlue, Vibrasphere, Liquide Soul, Miki Litvak, Perfect Stranger, Talamasca, Tegma, Yotopia, Kularis, Riktam, Bansi, Symphonix, Neelix,<\/p>\n<h4 style=\"text-align: center;\">.:: Contact ::.<\/h4>\n<p>Mail : <a href=\"mailto:mirdyhn@indalive.com\">mirdyhn@indalive.com<\/a><a href=\"mailto:bat@indalive.com\"><br \/>\n<\/a>Myspace : <a href=\"http:\/\/www.myspace.com\/djmirdyhn\" target=\"_blank\" rel=\"noopener\">http:\/\/www.myspace.com\/djmirdyhn<\/a><a href=\"http:\/\/www.myspace.com\/batproject\" target=\"_blank\" rel=\"noopener\"><br \/>\n<\/a>Facebook : <a href=\"http:\/\/www.facebook.com\/profile.php?id=100000107841109\">http:\/\/www.facebook.com\/mirdyhn<\/a><\/p>\n","protected":false},"excerpt":{"rendered":"<p>.:: Biographie ::. Dans sa jeunesse, Soul Groove d\u00e9couvre la musique \u00e9lectronique. Ados, il devient passionn\u00e9 par ce mouvement et cet univers notamment avec les premi\u00e8res compilations techno et des artistes tel que B.B.E, Underwolrd, System 7, Laurent Garnier, Prodigy et tant d&rsquo;autres. C&rsquo;est dans les ann\u00e9es 2000, qu&rsquo;il franchit le pas et d\u00e9bute le [&hellip;]<\/p>\n","protected":false},"author":2,"featured_media":0,"parent":168,"menu_order":0,"comment_status":"closed","ping_status":"closed","template":"","meta":{"footnotes":""},"yoast_head":"<!-- This site is optimized with the Yoast SEO plugin v23.0 - https:\/\/yoast.com\/wordpress\/plugins\/seo\/ -->\n<title>SoulGroove - Indalive<\/title>\n<meta name=\"robots\" content=\"index, follow, max-snippet:-1, max-image-preview:large, max-video-preview:-1\" \/>\n<link rel=\"canonical\" href=\"https:\/\/www.indalive.com\/index.php\/artiste\/soulgroove\/\" \/>\n<meta property=\"og:locale\" content=\"fr_FR\" \/>\n<meta property=\"og:type\" content=\"article\" \/>\n<meta property=\"og:title\" content=\"SoulGroove - Indalive\" \/>\n<meta property=\"og:description\" content=\".:: Biographie ::. Dans sa jeunesse, Soul Groove d\u00e9couvre la musique \u00e9lectronique. Ados, il devient passionn\u00e9 par ce mouvement et cet univers notamment avec les premi\u00e8res compilations techno et des artistes tel que B.B.E, Underwolrd, System 7, Laurent Garnier, Prodigy et tant d&rsquo;autres. C&rsquo;est dans les ann\u00e9es 2000, qu&rsquo;il franchit le pas et d\u00e9bute le [&hellip;]\" \/>\n<meta property=\"og:url\" content=\"https:\/\/www.indalive.com\/index.php\/artiste\/soulgroove\/\" \/>\n<meta property=\"og:site_name\" content=\"Indalive\" \/>\n<meta property=\"article:publisher\" content=\"https:\/\/www.facebook.com\/Indalive\/\" \/>\n<meta property=\"article:modified_time\" content=\"2022-01-29T16:19:58+00:00\" \/>\n<meta property=\"og:image\" content=\"https:\/\/www.indalive.com\/wp-content\/uploads\/2022\/01\/photo-vince-300x300.jpg\" \/>\n<meta name=\"twitter:card\" content=\"summary_large_image\" \/>\n<meta name=\"twitter:site\" content=\"@indalive\" \/>\n<meta name=\"twitter:label1\" content=\"Dur\u00e9e de lecture estim\u00e9e\" \/>\n\t<meta name=\"twitter:data1\" content=\"2 minutes\" \/>\n<script type=\"application\/ld+json\" class=\"yoast-schema-graph\">{\"@context\":\"https:\/\/schema.org\",\"@graph\":[{\"@type\":\"WebPage\",\"@id\":\"https:\/\/www.indalive.com\/index.php\/artiste\/soulgroove\/\",\"url\":\"https:\/\/www.indalive.com\/index.php\/artiste\/soulgroove\/\",\"name\":\"SoulGroove - Indalive\",\"isPartOf\":{\"@id\":\"https:\/\/www.indalive.com\/#website\"},\"primaryImageOfPage\":{\"@id\":\"https:\/\/www.indalive.com\/index.php\/artiste\/soulgroove\/#primaryimage\"},\"image\":{\"@id\":\"https:\/\/www.indalive.com\/index.php\/artiste\/soulgroove\/#primaryimage\"},\"thumbnailUrl\":\"https:\/\/www.indalive.com\/wp-content\/uploads\/2022\/01\/photo-vince-300x300.jpg\",\"datePublished\":\"2022-01-29T13:58:18+00:00\",\"dateModified\":\"2022-01-29T16:19:58+00:00\",\"breadcrumb\":{\"@id\":\"https:\/\/www.indalive.com\/index.php\/artiste\/soulgroove\/#breadcrumb\"},\"inLanguage\":\"fr-FR\",\"potentialAction\":[{\"@type\":\"ReadAction\",\"target\":[\"https:\/\/www.indalive.com\/index.php\/artiste\/soulgroove\/\"]}]},{\"@type\":\"ImageObject\",\"inLanguage\":\"fr-FR\",\"@id\":\"https:\/\/www.indalive.com\/index.php\/artiste\/soulgroove\/#primaryimage\",\"url\":\"https:\/\/www.indalive.com\/wp-content\/uploads\/2022\/01\/photo-vince.jpg\",\"contentUrl\":\"https:\/\/www.indalive.com\/wp-content\/uploads\/2022\/01\/photo-vince.jpg\",\"width\":480,\"height\":480},{\"@type\":\"BreadcrumbList\",\"@id\":\"https:\/\/www.indalive.com\/index.php\/artiste\/soulgroove\/#breadcrumb\",\"itemListElement\":[{\"@type\":\"ListItem\",\"position\":1,\"name\":\"Accueil\",\"item\":\"https:\/\/www.indalive.com\/\"},{\"@type\":\"ListItem\",\"position\":2,\"name\":\"Artistes\",\"item\":\"https:\/\/www.indalive.com\/index.php\/artiste\/\"},{\"@type\":\"ListItem\",\"position\":3,\"name\":\"SoulGroove\"}]},{\"@type\":\"WebSite\",\"@id\":\"https:\/\/www.indalive.com\/#website\",\"url\":\"https:\/\/www.indalive.com\/\",\"name\":\"Indalive\",\"description\":\"Indalive est une association qui a pour but de dynamiser la sc\u00e8ne culturelle et musicale. Elle participe au d\u00e9veloppement des cultures \u00e9lectroniques\",\"publisher\":{\"@id\":\"https:\/\/www.indalive.com\/#organization\"},\"potentialAction\":[{\"@type\":\"SearchAction\",\"target\":{\"@type\":\"EntryPoint\",\"urlTemplate\":\"https:\/\/www.indalive.com\/?s={search_term_string}\"},\"query-input\":\"required name=search_term_string\"}],\"inLanguage\":\"fr-FR\"},{\"@type\":\"Organization\",\"@id\":\"https:\/\/www.indalive.com\/#organization\",\"name\":\"Indalive\",\"url\":\"https:\/\/www.indalive.com\/\",\"logo\":{\"@type\":\"ImageObject\",\"inLanguage\":\"fr-FR\",\"@id\":\"https:\/\/www.indalive.com\/#\/schema\/logo\/image\/\",\"url\":\"https:\/\/www.indalive.com\/wp-content\/uploads\/2022\/01\/logo-transparent-1.png\",\"contentUrl\":\"https:\/\/www.indalive.com\/wp-content\/uploads\/2022\/01\/logo-transparent-1.png\",\"width\":300,\"height\":209,\"caption\":\"Indalive\"},\"image\":{\"@id\":\"https:\/\/www.indalive.com\/#\/schema\/logo\/image\/\"},\"sameAs\":[\"https:\/\/www.facebook.com\/Indalive\/\",\"https:\/\/x.com\/indalive\",\"https:\/\/www.youtube.com\/channel\/UCKMOqqf3USQoICferlVNw2g\"]}]}<\/script>\n<!-- \/ Yoast SEO plugin. -->","yoast_head_json":{"title":"SoulGroove - Indalive","robots":{"index":"index","follow":"follow","max-snippet":"max-snippet:-1","max-image-preview":"max-image-preview:large","max-video-preview":"max-video-preview:-1"},"canonical":"https:\/\/www.indalive.com\/index.php\/artiste\/soulgroove\/","og_locale":"fr_FR","og_type":"article","og_title":"SoulGroove - Indalive","og_description":".:: Biographie ::. Dans sa jeunesse, Soul Groove d\u00e9couvre la musique \u00e9lectronique. Ados, il devient passionn\u00e9 par ce mouvement et cet univers notamment avec les premi\u00e8res compilations techno et des artistes tel que B.B.E, Underwolrd, System 7, Laurent Garnier, Prodigy et tant d&rsquo;autres. C&rsquo;est dans les ann\u00e9es 2000, qu&rsquo;il franchit le pas et d\u00e9bute le [&hellip;]","og_url":"https:\/\/www.indalive.com\/index.php\/artiste\/soulgroove\/","og_site_name":"Indalive","article_publisher":"https:\/\/www.facebook.com\/Indalive\/","article_modified_time":"2022-01-29T16:19:58+00:00","og_image":[{"url":"https:\/\/www.indalive.com\/wp-content\/uploads\/2022\/01\/photo-vince-300x300.jpg"}],"twitter_card":"summary_large_image","twitter_site":"@indalive","twitter_misc":{"Dur\u00e9e de lecture estim\u00e9e":"2 minutes"},"schema":{"@context":"https:\/\/schema.org","@graph":[{"@type":"WebPage","@id":"https:\/\/www.indalive.com\/index.php\/artiste\/soulgroove\/","url":"https:\/\/www.indalive.com\/index.php\/artiste\/soulgroove\/","name":"SoulGroove - Indalive","isPartOf":{"@id":"https:\/\/www.indalive.com\/#website"},"primaryImageOfPage":{"@id":"https:\/\/www.indalive.com\/index.php\/artiste\/soulgroove\/#primaryimage"},"image":{"@id":"https:\/\/www.indalive.com\/index.php\/artiste\/soulgroove\/#primaryimage"},"thumbnailUrl":"https:\/\/www.indalive.com\/wp-content\/uploads\/2022\/01\/photo-vince-300x300.jpg","datePublished":"2022-01-29T13:58:18+00:00","dateModified":"2022-01-29T16:19:58+00:00","breadcrumb":{"@id":"https:\/\/www.indalive.com\/index.php\/artiste\/soulgroove\/#breadcrumb"},"inLanguage":"fr-FR","potentialAction":[{"@type":"ReadAction","target":["https:\/\/www.indalive.com\/index.php\/artiste\/soulgroove\/"]}]},{"@type":"ImageObject","inLanguage":"fr-FR","@id":"https:\/\/www.indalive.com\/index.php\/artiste\/soulgroove\/#primaryimage","url":"https:\/\/www.indalive.com\/wp-content\/uploads\/2022\/01\/photo-vince.jpg","contentUrl":"https:\/\/www.indalive.com\/wp-content\/uploads\/2022\/01\/photo-vince.jpg","width":480,"height":480},{"@type":"BreadcrumbList","@id":"https:\/\/www.indalive.com\/index.php\/artiste\/soulgroove\/#breadcrumb","itemListElement":[{"@type":"ListItem","position":1,"name":"Accueil","item":"https:\/\/www.indalive.com\/"},{"@type":"ListItem","position":2,"name":"Artistes","item":"https:\/\/www.indalive.com\/index.php\/artiste\/"},{"@type":"ListItem","position":3,"name":"SoulGroove"}]},{"@type":"WebSite","@id":"https:\/\/www.indalive.com\/#website","url":"https:\/\/www.indalive.com\/","name":"Indalive","description":"Indalive est une association qui a pour but de dynamiser la sc\u00e8ne culturelle et musicale. Elle participe au d\u00e9veloppement des cultures \u00e9lectroniques","publisher":{"@id":"https:\/\/www.indalive.com\/#organization"},"potentialAction":[{"@type":"SearchAction","target":{"@type":"EntryPoint","urlTemplate":"https:\/\/www.indalive.com\/?s={search_term_string}"},"query-input":"required name=search_term_string"}],"inLanguage":"fr-FR"},{"@type":"Organization","@id":"https:\/\/www.indalive.com\/#organization","name":"Indalive","url":"https:\/\/www.indalive.com\/","logo":{"@type":"ImageObject","inLanguage":"fr-FR","@id":"https:\/\/www.indalive.com\/#\/schema\/logo\/image\/","url":"https:\/\/www.indalive.com\/wp-content\/uploads\/2022\/01\/logo-transparent-1.png","contentUrl":"https:\/\/www.indalive.com\/wp-content\/uploads\/2022\/01\/logo-transparent-1.png","width":300,"height":209,"caption":"Indalive"},"image":{"@id":"https:\/\/www.indalive.com\/#\/schema\/logo\/image\/"},"sameAs":["https:\/\/www.facebook.com\/Indalive\/","https:\/\/x.com\/indalive","https:\/\/www.youtube.com\/channel\/UCKMOqqf3USQoICferlVNw2g"]}]}},"_links":{"self":[{"href":"https:\/\/www.indalive.com\/index.php\/wp-json\/wp\/v2\/pages\/133"}],"collection":[{"href":"https:\/\/www.indalive.com\/index.php\/wp-json\/wp\/v2\/pages"}],"about":[{"href":"https:\/\/www.indalive.com\/index.php\/wp-json\/wp\/v2\/types\/page"}],"author":[{"embeddable":true,"href":"https:\/\/www.indalive.com\/index.php\/wp-json\/wp\/v2\/users\/2"}],"replies":[{"embeddable":true,"href":"https:\/\/www.indalive.com\/index.php\/wp-json\/wp\/v2\/comments?post=133"}],"version-history":[{"count":2,"href":"https:\/\/www.indalive.com\/index.php\/wp-json\/wp\/v2\/pages\/133\/revisions"}],"predecessor-version":[{"id":1112,"href":"https:\/\/www.indalive.com\/index.php\/wp-json\/wp\/v2\/pages\/133\/revisions\/1112"}],"up":[{"embeddable":true,"href":"https:\/\/www.indalive.com\/index.php\/wp-json\/wp\/v2\/pages\/168"}],"wp:attachment":[{"href":"https:\/\/www.indalive.com\/index.php\/wp-json\/wp\/v2\/media?parent=133"}],"curies":[{"name":"wp","href":"https:\/\/api.w.org\/{rel}","templated":true}]}}